{"id":15,"date":"2013-05-31T11:58:45","date_gmt":"2013-05-31T11:58:45","guid":{"rendered":"http:\/\/zephyr.us-themes.com\/pages\/services\/"},"modified":"2021-03-12T16:38:32","modified_gmt":"2021-03-12T16:38:32","slug":"institucional","status":"publish","type":"page","link":"https:\/\/caspper.com.br\/?page_id=15","title":{"rendered":"INSTITUCIONAL"},"content":{"rendered":"<section class=\"l-section wpb_row height_large color_primary with_img parallax_ver with_overlay\"><div class=\"l-section-img\" style=\"background-image: url(https:\/\/caspper.com.br\/wp-content\/uploads\/2018\/10\/about_us_img5.jpg);\" data-img-width=\"1280\" data-img-height=\"853\"><\/div><div class=\"l-section-overlay\" style=\"background-color: rgba(17,17,17,0.4)\"><\/div><div class=\"l-section-h i-cf\"><div class=\"g-cols vc_row type_default valign_middle\"><div class=\"vc_col-sm-12 wpb_column vc_column_container\"><div class=\"vc_column-inner\"><div class=\"wpb_wrapper\"><h1 class=\"w-page-title align_center\" itemprop=\"headline\" style=\"font-size:3rem;line-height:1.1;\">INSTITUCIONAL<\/h1><ol class=\"g-breadcrumbs separator_icon align_center\" style=\"font-size:0.9rem;\" itemscope itemtype=\"http:\/\/schema.org\/BreadcrumbList\"><li class=\"g-breadcrumbs-item\" itemprop=\"itemListElement\" itemscope itemtype=\"http:\/\/schema.org\/ListItem\"><a itemprop=\"name\" href=\"https:\/\/caspper.com.br\/\">In\u00edcio<\/a><\/li><li class=\"g-breadcrumbs-separator\"><i class=\"material-icons\">chevron_right<\/i><\/li><li class=\"g-breadcrumbs-item\" itemprop=\"itemListElement\" itemscope itemtype=\"http:\/\/schema.org\/ListItem\">P\u00e1ginas<\/li><\/ol><\/div><\/div><\/div><\/div><\/div><\/section><section class=\"l-section wpb_row height_medium\"><div class=\"l-section-h i-cf\"><div class=\"g-cols vc_row type_default valign_top\"><div class=\"vc_col-sm-12 wpb_column vc_column_container\"><div class=\"vc_column-inner\"><div class=\"wpb_wrapper\"><div class=\"g-cols wpb_row type_default valign_top vc_inner \"><div class=\"vc_col-sm-8 wpb_column vc_column_container animate_afb\"><div class=\"vc_column-inner\"><div class=\"wpb_wrapper\">\r\n\t<div class=\"wpb_text_column \">\r\n\t\t<div class=\"wpb_wrapper\">\r\n\t\t\t<h4><strong>Sobre a Caspper<\/strong><\/h4>\n<p class=\"style1\" align=\"justify\">A\u00a0<strong>Caspper Distribuidora Ltda.<\/strong>\u00a0proporciona aos seus clientes solu\u00e7\u00f5es r\u00e1pidas, de qualidade e com garantia, nas \u00e1reas mec\u00e2nicas e hidr\u00e1ulica automotiva, atrav\u00e9s de profissionais altamente capacitados e produtos reconhecidos mundialmente por sua confiabilidade.<\/p>\n<p class=\"style1\" align=\"justify\">Tendo consci\u00eancia de que para nossos clientes o tempo e a qualidade s\u00e3o necessidades vitais para manter suas frotas de ve\u00edculos sempre em movimento, a empresa busca sinergia ao entregar a melhor combina\u00e7\u00e3o de pe\u00e7as e produtos no menor tempo poss\u00edvel.<\/p>\n<p align=\"justify\">Investimentos cont\u00ednuos em infra-estrutura e na capacita\u00e7\u00e3o dos colaboradores permitiram alcan\u00e7ar o patamar de &#8220;Concession\u00e1ria Classe A&#8221;, padr\u00e3o que vem sendo mantido e aprimorado constantemente em busca de melhores resultados para seus parceiros.<\/p>\n\r\n\t\t<\/div>\r\n\t<\/div>\r\n<\/div><\/div><\/div><div class=\"vc_col-sm-4 wpb_column vc_column_container\"><div class=\"vc_column-inner\"><div class=\"wpb_wrapper\"><div class=\"w-image\"><div class=\"w-image-h\"><img fetchpriority=\"high\" decoding=\"async\" width=\"1024\" height=\"768\" src=\"https:\/\/caspper.com.br\/wp-content\/uploads\/2018\/10\/WhatsApp-Image-2018-07-05-at-17.11.43-1024x768.jpeg\" class=\"attachment-large size-large\" alt=\"\" srcset=\"https:\/\/caspper.com.br\/wp-content\/uploads\/2018\/10\/WhatsApp-Image-2018-07-05-at-17.11.43-1024x768.jpeg 1024w, https:\/\/caspper.com.br\/wp-content\/uploads\/2018\/10\/WhatsApp-Image-2018-07-05-at-17.11.43-300x225.jpeg 300w, https:\/\/caspper.com.br\/wp-content\/uploads\/2018\/10\/WhatsApp-Image-2018-07-05-at-17.11.43-600x450.jpeg 600w, https:\/\/caspper.com.br\/wp-content\/uploads\/2018\/10\/WhatsApp-Image-2018-07-05-at-17.11.43.jpeg 1280w\" sizes=\"(max-width: 1024px) 100vw, 1024px\" \/><\/div><\/div><\/div><\/div><\/div><\/div><\/div><\/div><\/div><\/div><\/div><\/section><section class=\"l-section wpb_row height_medium color_alternate\"><div class=\"l-section-h i-cf\"><div class=\"g-cols vc_row type_default valign_top\"><div class=\"vc_col-sm-4 wpb_column vc_column_container\"><div class=\"vc_column-inner\"><div class=\"wpb_wrapper\"><div class=\"aio-icon-component    style_1\"><div id=\"Info-box-wrap-7176\" class=\"aio-icon-box top-icon\" style=\"\"  ><div class=\"aio-icon-top\"><div class=\"ult-just-icon-wrapper  \"><div class=\"align-icon\" style=\"text-align:center;\">\n<div class=\"aio-icon-img  uavc-square \" style=\"font-size:48px;background:#ffffff;display:inline-block;\" data-animation=\"fadeIn\" data-animation-delay=\"03\">\n\t<img decoding=\"async\" class=\"img-icon\" alt=\"null\" src=\"https:\/\/caspper.com.br\/wp-content\/uploads\/2018\/10\/missao.png\"\/>\n<\/div><\/div><\/div><\/div><div class=\"aio-icon-header\" ><h3 class=\"aio-icon-title ult-responsive\"  data-ultimate-target='#Info-box-wrap-7176 .aio-icon-title'  data-responsive-json-new='{\"font-size\":\"\",\"line-height\":\"\"}'  style=\"\">Miss\u00e3o<\/h3><\/div> <!-- header --><div class=\"aio-icon-description ult-responsive\"  data-ultimate-target='#Info-box-wrap-7176 .aio-icon-description'  data-responsive-json-new='{\"font-size\":\"\",\"line-height\":\"\"}'  style=\"\">Ofertar confiabilidade, disponibilidade e agilidade na comercializa\u00e7\u00e3o de pe\u00e7as e na repara\u00e7\u00e3o de componentes para ve\u00edculos leves e pesados, rentabilizando o capital investido e proporcionando o desenvolvimento dos colaboradores.<\/div> <!-- description --><\/div> <!-- aio-icon-box --><\/div> <!-- aio-icon-component --><\/div><\/div><\/div><div class=\"vc_col-sm-4 wpb_column vc_column_container\"><div class=\"vc_column-inner\"><div class=\"wpb_wrapper\"><div class=\"aio-icon-component    style_1\"><div id=\"Info-box-wrap-5065\" class=\"aio-icon-box top-icon\" style=\"\"  ><div class=\"aio-icon-top\"><div class=\"ult-just-icon-wrapper  \"><div class=\"align-icon\" style=\"text-align:center;\">\n<div class=\"aio-icon-img  uavc-square \" style=\"font-size:48px;background:#ffffff;display:inline-block;\" data-animation=\"fadeIn\" data-animation-delay=\"03\">\n\t<img decoding=\"async\" class=\"img-icon\" alt=\"null\" src=\"https:\/\/caspper.com.br\/wp-content\/uploads\/2018\/10\/visao.png\"\/>\n<\/div><\/div><\/div><\/div><div class=\"aio-icon-header\" ><h3 class=\"aio-icon-title ult-responsive\"  data-ultimate-target='#Info-box-wrap-5065 .aio-icon-title'  data-responsive-json-new='{\"font-size\":\"\",\"line-height\":\"\"}'  style=\"\">Vis\u00e3o<\/h3><\/div> <!-- header --><div class=\"aio-icon-description ult-responsive\"  data-ultimate-target='#Info-box-wrap-5065 .aio-icon-description'  data-responsive-json-new='{\"font-size\":\"\",\"line-height\":\"\"}'  style=\"\">Atuar no mercado visando crescimento, baseando-se na \u00e9tica e qualidade, procurando fazer da melhor forma tudo que se prop\u00f5e.<\/div> <!-- description --><\/div> <!-- aio-icon-box --><\/div> <!-- aio-icon-component --><\/div><\/div><\/div><div class=\"vc_col-sm-4 wpb_column vc_column_container\"><div class=\"vc_column-inner\"><div class=\"wpb_wrapper\"><div class=\"aio-icon-component    style_1\"><div id=\"Info-box-wrap-9036\" class=\"aio-icon-box top-icon\" style=\"\"  ><div class=\"aio-icon-top\"><div class=\"ult-just-icon-wrapper  \"><div class=\"align-icon\" style=\"text-align:center;\">\n<div class=\"aio-icon-img  uavc-square \" style=\"font-size:48px;background:#ffffff;display:inline-block;\" data-animation=\"fadeIn\" data-animation-delay=\"03\">\n\t<img decoding=\"async\" class=\"img-icon\" alt=\"null\" src=\"https:\/\/caspper.com.br\/wp-content\/uploads\/2018\/10\/valores-1.png\"\/>\n<\/div><\/div><\/div><\/div><div class=\"aio-icon-header\" ><h3 class=\"aio-icon-title ult-responsive\"  data-ultimate-target='#Info-box-wrap-9036 .aio-icon-title'  data-responsive-json-new='{\"font-size\":\"\",\"line-height\":\"\"}'  style=\"\">Valores<\/h3><\/div> <!-- header --><div class=\"aio-icon-description ult-responsive\"  data-ultimate-target='#Info-box-wrap-9036 .aio-icon-description'  data-responsive-json-new='{\"font-size\":\"\",\"line-height\":\"\"}'  style=\"\">Aceita\u00e7\u00e3o de mudan\u00e7as, cidadania, confian\u00e7a, coopera\u00e7\u00e3o, equidade, \u00e9tica, evolu\u00e7\u00e3o, inclus\u00e3o social, integridade, justi\u00e7a, parceria, proatividade, qualidade de vida, respeito ao pr\u00f3ximo, trabalho com prazer e paix\u00e3o e transpar\u00eancia.<\/div> <!-- description --><\/div> <!-- aio-icon-box --><\/div> <!-- aio-icon-component --><\/div><\/div><\/div><\/div><\/div><\/section><section class=\"l-section wpb_row height_large color_primary with_img parallax_ver with_overlay\"><div class=\"l-section-img\" style=\"background-image: url(https:\/\/caspper.com.br\/wp-content\/uploads\/2018\/10\/background-area-cliente.png);\" data-img-width=\"1920\" data-img-height=\"738\"><\/div><div class=\"l-section-overlay\" style=\"background-color: rgba(0,0,0,0.5)\"><\/div><div class=\"l-section-h i-cf\"><div class=\"g-cols vc_row type_default valign_top\"><div class=\"vc_col-sm-12 wpb_column vc_column_container animate_afb\"><div class=\"vc_column-inner\"><div class=\"wpb_wrapper\">\r\n\t<div class=\"wpb_text_column \">\r\n\t\t<div class=\"wpb_wrapper\">\r\n\t\t\t<h3 style=\"text-align: center;\">Fale em nossa Central de Atendimento atrav\u00e9s do telefone\u00a0<a href=\"#\"><strong>(34) 3212-4533<\/strong><\/a><br \/>\nou pelo e-mail <strong><a href=\"mailto:caspper@caspper.com.br\">caspper@caspper.com.br<\/a><\/strong><\/h3>\n<p style=\"text-align: center;\">Estamos \u00e0 disposi\u00e7\u00e3o para lhe atender. Caso queira enviar uma mensagem, clique no bot\u00e3o abaixo.<\/p>\n\r\n\t\t<\/div>\r\n\t<\/div>\r\n<div class=\"w-btn-wrapper align_center\"><a class=\"w-btn style_raised color_secondary icon_atleft\" href=\"http:\/\/caspper.com.br\/?page_id=10\" style=\"font-size:19px;\"><i class=\"material-icons\">mail<\/i><span class=\"w-btn-label\">Enviar Mensagem<\/span><\/a><\/div><\/div><\/div><\/div><\/div><\/div><\/section>\n","protected":false},"excerpt":{"rendered":"INSTITUCIONALIn\u00edciochevron_rightP\u00e1ginas Sobre a Caspper A\u00a0Caspper Distribuidora Ltda.\u00a0proporciona aos seus clientes solu\u00e7\u00f5es r\u00e1pidas, de qualidade e com garantia, nas \u00e1reas mec\u00e2nicas e hidr\u00e1ulica automotiva, atrav\u00e9s de profissionais altamente capacitados e produtos reconhecidos mundialmente por sua confiabilidade. Tendo consci\u00eancia de que para nossos clientes o tempo e a qualidade s\u00e3o necessidades vitais para manter suas frotas de...","protected":false},"author":4,"featured_media":0,"parent":0,"menu_order":0,"comment_status":"closed","ping_status":"closed","template":"","meta":{"_seopress_robots_primary_cat":"","_seopress_titles_title":"","_seopress_titles_desc":"","_seopress_robots_index":"","footnotes":""},"class_list":["post-15","page","type-page","status-publish","hentry"],"_links":{"self":[{"href":"https:\/\/caspper.com.br\/index.php?rest_route=\/wp\/v2\/pages\/15","targetHints":{"allow":["GET"]}}],"collection":[{"href":"https:\/\/caspper.com.br\/index.php?rest_route=\/wp\/v2\/pages"}],"about":[{"href":"https:\/\/caspper.com.br\/index.php?rest_route=\/wp\/v2\/types\/page"}],"author":[{"embeddable":true,"href":"https:\/\/caspper.com.br\/index.php?rest_route=\/wp\/v2\/users\/4"}],"replies":[{"embeddable":true,"href":"https:\/\/caspper.com.br\/index.php?rest_route=%2Fwp%2Fv2%2Fcomments&post=15"}],"version-history":[{"count":0,"href":"https:\/\/caspper.com.br\/index.php?rest_route=\/wp\/v2\/pages\/15\/revisions"}],"wp:attachment":[{"href":"https:\/\/caspper.com.br\/index.php?rest_route=%2Fwp%2Fv2%2Fmedia&parent=15"}],"curies":[{"name":"wp","href":"https:\/\/api.w.org\/{rel}","templated":true}]}}