{"id":10,"date":"2013-05-31T11:56:39","date_gmt":"2013-05-31T11:56:39","guid":{"rendered":"http:\/\/zephyr.us-themes.com\/pages\/contact\/"},"modified":"2025-02-11T10:32:39","modified_gmt":"2025-02-11T10:32:39","slug":"fale-conosco","status":"publish","type":"page","link":"https:\/\/caspper.com.br\/?page_id=10","title":{"rendered":"FALE CONOSCO"},"content":{"rendered":"<section class=\"l-section wpb_row height_large color_primary with_img parallax_ver with_overlay\"><div class=\"l-section-img\" style=\"background-image: url(https:\/\/caspper.com.br\/wp-content\/uploads\/2018\/10\/Contact-Us-@SFIO-CRACHO-low-res-1200x420.jpg);\" data-img-width=\"1200\" data-img-height=\"420\"><\/div><div class=\"l-section-overlay\" style=\"background-color: rgba(28,28,28,0.3)\"><\/div><div class=\"l-section-h i-cf\"><div class=\"g-cols vc_row type_default valign_middle\"><div class=\"vc_col-sm-12 wpb_column vc_column_container\"><div class=\"vc_column-inner\"><div class=\"wpb_wrapper\"><h1 class=\"w-page-title align_center\" itemprop=\"headline\" style=\"font-size:3rem;line-height:1.1;\">FALE CONOSCO<\/h1><ol class=\"g-breadcrumbs separator_icon align_center\" style=\"font-size:0.9rem;\" itemscope itemtype=\"http:\/\/schema.org\/BreadcrumbList\"><li class=\"g-breadcrumbs-item\" itemprop=\"itemListElement\" itemscope itemtype=\"http:\/\/schema.org\/ListItem\"><a itemprop=\"name\" href=\"https:\/\/caspper.com.br\/\">In\u00edcio<\/a><\/li><li class=\"g-breadcrumbs-separator\"><i class=\"material-icons\">chevron_right<\/i><\/li><li class=\"g-breadcrumbs-item\" itemprop=\"itemListElement\" itemscope itemtype=\"http:\/\/schema.org\/ListItem\">P\u00e1ginas<\/li><\/ol><\/div><\/div><\/div><\/div><\/div><\/section><section class=\"l-section wpb_row height_medium color_alternate\"><div class=\"l-section-h i-cf\"><div class=\"g-cols vc_row type_default valign_top\"><div class=\"vc_col-sm-6 wpb_column vc_column_container\"><div class=\"vc_column-inner\"><div class=\"wpb_wrapper\">\r\n\t<div class=\"wpb_text_column \">\r\n\t\t<div class=\"wpb_wrapper\">\r\n\t\t\t<h4><strong>Entre em contato com a Caspper<\/strong><\/h4>\n<p><strong>Matriz:\u00a0<\/strong>Av. Jos\u00e9 Andraus Gassani, 760 &#8211; Industrial &#8211; Uberl\u00e2ndia\/MG<br \/>\n<strong>Telefone:\u00a0<\/strong><a href=\"https:\/\/wa.me\/+553432124533\"> <i class=\"fa fa-whatsapp\" aria-hidden=\"true\"><\/i> (34) 3212-4533 <\/a> | <a href=\"https:\/\/wa.me\/+5534998938678\"> <i class=\"fa fa-whatsapp\" aria-hidden=\"true\"><\/i> (34) 99893-8678<\/a><br \/>\n<strong>E-mail:\u00a0<\/strong>caspper@caspper.com.br<br \/>\n<strong>Atendimento:\u00a0<\/strong>De segunda \u00e0 sexta, de 08:00h \u00e0s 18:00h<\/p>\n<p><strong>Filial Patos de Minas: <\/strong>Av. Jos\u00e9 Soares Machado, 502 &#8211; Planalto &#8211; Patos de Minas\/MG<br \/>\n<strong>Telefone: <\/strong> <a href=\"https:\/\/wa.me\/+553491186760\"> <i class=\"fa fa-whatsapp\" aria-hidden=\"true\"><\/i> (34) 9118-6760<\/a> | <a href=\"tel:+553438142857\"> <i class=\"fa fa-phone\" aria-hidden=\"true\"><\/i> (34) 3814-2857<\/a><br \/>\n<strong>E-mail:\u00a0<\/strong>vendaspatos@caspper.com.br<br \/>\n<strong>Atendimento:\u00a0<\/strong>De segunda \u00e0 sexta, de 07:30h \u00e0s 17:30h<\/p>\n<p><strong>Filial Rio Verde: <\/strong>Av. Capit\u00e3o Miguel C\u00e2mara, s\/n &#8211; Quadra E &#8211; Lote 14A, Cidade Empresarial Nova Alian\u00e7a &#8211; Rio Verde\/GO..<br \/>\n<strong>Telefone:\u00a0<\/strong><a href=\"https:\/\/wa.me\/+556421018699\"> <i class=\"fa fa-whatsapp\" aria-hidden=\"true\"><\/i> (64) 2101-8699<\/a><br \/>\n<strong>E-mail:\u00a0<\/strong>vendasrv@caspper.com.br<br \/>\n<strong>Atendimento:\u00a0<\/strong>De segunda \u00e0 sexta, de 08:00h \u00e0s 18:00h<\/p>\n\r\n\t\t<\/div>\r\n\t<\/div>\r\n<\/div><\/div><\/div><div class=\"vc_col-sm-6 wpb_column vc_column_container\"><div class=\"vc_column-inner\"><div class=\"wpb_wrapper\">[vc_empty_space height=&#8221;55px&#8221;]\r\n\t<div class=\"wpb_text_column \">\r\n\t\t<div class=\"wpb_wrapper\">\r\n\t\t\t<p><strong>Filial Uberaba:\u00a0<\/strong>Av. Cristo Rei, 469 &#8211; Parque das Am\u00e9ricas &#8211; Uberaba\/MG<br \/>\n<strong>Telefone:\u00a0<\/strong><a href=\"https:\/\/wa.me\/+5534991946970\"> <i class=\"fa fa-whatsapp\" aria-hidden=\"true\"><\/i> (34) 99194-6970<\/a> | <a href=\"tel:+553433364961\"> <i class=\"fa fa-phone\" aria-hidden=\"true\"><\/i> (34) 3336-4961<\/a><br \/>\n<strong>E-mail:\u00a0<\/strong>vendas2uberaba@caspper.com.br<br \/>\n<strong>Atendimento:\u00a0<\/strong>De segunda \u00e0 sexta, de 08:00h \u00e0s 18:00h<\/p>\n<p><strong>Filial Itumbiara:\u00a0<\/strong>Via Expressa M\u00facio de Souza Rezende, 4515, Sala 1 &#8211; Santa Rita &#8211; Itumbiara\/GO<br \/>\n<strong>Telefone:\u00a0<\/strong><a href=\"https:\/\/wa.me\/+5564996600210\"> <i class=\"fa fa-whatsapp\" aria-hidden=\"true\"><\/i> (64) 99660-0210<\/a> | <a href=\"tel:+556434301081\"> <i class=\"fa fa-phone\" aria-hidden=\"true\"><\/i> (64) 3430-1081<\/a><br \/>\n<strong>E-mail:\u00a0<\/strong>vendasitumbiara@caspper.com.br<br \/>\n<strong>Atendimento:\u00a0<\/strong>De segunda \u00e0 sexta, de 08:00h \u00e0s 18:00h<\/p>\n\r\n\t\t<\/div>\r\n\t<\/div>\r\n<\/div><\/div><\/div><\/div><\/div><\/section><section class=\"l-section wpb_row height_medium\"><div class=\"l-section-h i-cf\"><div class=\"g-cols vc_row type_default valign_top\"><div class=\"vc_col-sm-12 wpb_column vc_column_container\"><div class=\"vc_column-inner\"><div class=\"wpb_wrapper\">\r\n\t<div class=\"wpb_text_column \">\r\n\t\t<div class=\"wpb_wrapper\">\r\n\t\t\t<h4><strong>Formul\u00e1rio de Contato<\/strong><\/h4>\n\r\n\t\t<\/div>\r\n\t<\/div>\r\n\n<div class=\"wpcf7 no-js\" id=\"wpcf7-f23014-o1\" lang=\"pt-BR\" dir=\"ltr\" data-wpcf7-id=\"23014\">\n<div class=\"screen-reader-response\"><p role=\"status\" aria-live=\"polite\" aria-atomic=\"true\"><\/p> <ul><\/ul><\/div>\n<form action=\"\/index.php?rest_route=%2Fwp%2Fv2%2Fpages%2F10#wpcf7-f23014-o1\" method=\"post\" class=\"wpcf7-form init\" aria-label=\"Formul\u00e1rios de contato\" novalidate=\"novalidate\" data-status=\"init\">\n<fieldset class=\"hidden-fields-container\"><input type=\"hidden\" name=\"_wpcf7\" value=\"23014\" \/><input type=\"hidden\" name=\"_wpcf7_version\" value=\"6.1.4\" \/><input type=\"hidden\" name=\"_wpcf7_locale\" value=\"pt_BR\" \/><input type=\"hidden\" name=\"_wpcf7_unit_tag\" value=\"wpcf7-f23014-o1\" \/><input type=\"hidden\" name=\"_wpcf7_container_post\" value=\"0\" \/><input type=\"hidden\" name=\"_wpcf7_posted_data_hash\" value=\"\" \/><input type=\"hidden\" name=\"_wpcf7_recaptcha_response\" value=\"\" \/>\n<\/fieldset>\n<label> Nome Completo (obrigat\u00f3rio)\n    <span class=\"wpcf7-form-control-wrap\" data-name=\"your-name\"><input size=\"40\" maxlength=\"400\" class=\"wpcf7-form-control wpcf7-text wpcf7-validates-as-required\" id=\"your-name\" aria-required=\"true\" aria-invalid=\"false\" value=\"\" type=\"text\" name=\"your-name\" \/><\/span> <\/label>\n\n<label> E-mail (obrigat\u00f3rio)\n    <span class=\"wpcf7-form-control-wrap\" data-name=\"your-email\"><input size=\"40\" maxlength=\"400\" class=\"wpcf7-form-control wpcf7-email wpcf7-validates-as-required wpcf7-text wpcf7-validates-as-email\" id=\"your-email\" aria-required=\"true\" aria-invalid=\"false\" value=\"\" type=\"email\" name=\"your-email\" \/><\/span> <\/label>\n\n<label> Assunto\n    <span class=\"wpcf7-form-control-wrap\" data-name=\"your-subject\"><input size=\"40\" maxlength=\"400\" class=\"wpcf7-form-control wpcf7-text\" id=\"your-subject\" aria-invalid=\"false\" value=\"\" type=\"text\" name=\"your-subject\" \/><\/span> <\/label>\n\n<label> Mensagem\n    <span class=\"wpcf7-form-control-wrap\" data-name=\"your-message\"><textarea cols=\"40\" rows=\"10\" maxlength=\"2000\" class=\"wpcf7-form-control wpcf7-textarea\" id=\"your-message\" aria-invalid=\"false\" name=\"your-message\"><\/textarea><\/span> <\/label>\n\n<p>\n<\/p>\n<br>\n<\/br>\n&nbsp\n\n<input class=\"wpcf7-form-control wpcf7-submit has-spinner\" type=\"submit\" value=\"Enviar\" \/><div class=\"wpcf7-response-output\" aria-hidden=\"true\"><\/div>\n<\/form>\n<\/div>\n<\/div><\/div><\/div><\/div><\/div><\/section><section class=\"l-section wpb_row height_medium color_alternate with_img parallax_ver with_overlay\"><div class=\"l-section-img\" style=\"background-image: url(https:\/\/caspper.com.br\/wp-content\/uploads\/2018\/10\/5-24.jpg);\" data-img-width=\"1920\" data-img-height=\"1149\"><\/div><div class=\"l-section-overlay\" style=\"background-color: rgba(17,17,17,0.4)\"><\/div><div class=\"l-section-h i-cf\"><div class=\"g-cols vc_row type_default valign_top\"><div class=\"vc_col-sm-12 wpb_column vc_column_container\"><div class=\"vc_column-inner\"><div class=\"wpb_wrapper\">\r\n\t<div class=\"wpb_text_column \">\r\n\t\t<div class=\"wpb_wrapper\">\r\n\t\t\t<h4><span style=\"color: #ffffff;\"><strong>Nossa Localiza\u00e7\u00e3o &#8211; Matriz Uberl\u00e2ndia<\/strong><\/span><\/h4>\n\r\n\t\t<\/div>\r\n\t<\/div>\r\n[vc_raw_html]JTNDaWZyYW1lJTIwc3JjJTNEJTIyaHR0cHMlM0ElMkYlMkZ3d3cuZ29vZ2xlLmNvbSUyRm1hcHMlMkZlbWJlZCUzRnBiJTNEJTIxMW0xOCUyMTFtMTIlMjExbTMlMjExZDM1NjMuNDg2OTY5NTIyODQwNCUyMTJkLTQ4LjI2NzYyMzYxODA5OTIxNSUyMTNkLTE4Ljg3MDA4ODExNzk0Nzc4JTIxMm0zJTIxMWYwJTIxMmYwJTIxM2YwJTIxM20yJTIxMWkxMDI0JTIxMmk3NjglMjE0ZjEzLjElMjEzbTMlMjExbTIlMjExczB4OTRhNDQ2NzE4MjcwMDUxMSUyNTNBMHhiYWE0OTM3MWQ1MDBiOTMxJTIxMnNDQVNQUEVSJTJCUEUlMjVDMyUyNTg3QVMlMkJFJTJCU0VSVkklMjVDMyUyNTg3T1MlMkJMVERBJTIxNWUwJTIxM20yJTIxMXNwdC1CUiUyMTJzYnIlMjE0djE1NDA2NTE4NzU4MDklMjIlMjB3aWR0aCUzRCUyMjE5MDAlMjIlMjBoZWlnaHQlM0QlMjIzMDAlMjIlMjBmcmFtZWJvcmRlciUzRCUyMjAlMjIlMjBzdHlsZSUzRCUyMmJvcmRlciUzQTAlMjIlMjBhbGxvd2Z1bGxzY3JlZW4lM0UlM0MlMkZpZnJhbWUlM0U=[\/vc_raw_html]<\/div><\/div><\/div><\/div><\/div><\/section>\n","protected":false},"excerpt":{"rendered":"FALE CONOSCOIn\u00edciochevron_rightP\u00e1ginas Entre em contato com a Caspper Matriz:\u00a0Av. Jos\u00e9 Andraus Gassani, 760 - Industrial - Uberl\u00e2ndia\/MG Telefone:\u00a0 (34) 3212-4533 | (34) 99893-8678 E-mail:\u00a0caspper@caspper.com.br Atendimento:\u00a0De segunda \u00e0 sexta, de 08:00h \u00e0s 18:00h Filial Patos de Minas: Av. Jos\u00e9 Soares Machado, 502 - Planalto - Patos de Minas\/MG Telefone: (34) 9118-6760 | (34) 3814-2857 E-mail:\u00a0vendaspatos@caspper.com.br Atendimento:\u00a0De...","protected":false},"author":4,"featured_media":0,"parent":0,"menu_order":0,"comment_status":"closed","ping_status":"closed","template":"","meta":{"_seopress_robots_primary_cat":"","_seopress_titles_title":"","_seopress_titles_desc":"","_seopress_robots_index":"","footnotes":""},"class_list":["post-10","page","type-page","status-publish","hentry"],"_links":{"self":[{"href":"https:\/\/caspper.com.br\/index.php?rest_route=\/wp\/v2\/pages\/10","targetHints":{"allow":["GET"]}}],"collection":[{"href":"https:\/\/caspper.com.br\/index.php?rest_route=\/wp\/v2\/pages"}],"about":[{"href":"https:\/\/caspper.com.br\/index.php?rest_route=\/wp\/v2\/types\/page"}],"author":[{"embeddable":true,"href":"https:\/\/caspper.com.br\/index.php?rest_route=\/wp\/v2\/users\/4"}],"replies":[{"embeddable":true,"href":"https:\/\/caspper.com.br\/index.php?rest_route=%2Fwp%2Fv2%2Fcomments&post=10"}],"version-history":[{"count":5,"href":"https:\/\/caspper.com.br\/index.php?rest_route=\/wp\/v2\/pages\/10\/revisions"}],"predecessor-version":[{"id":23851,"href":"https:\/\/caspper.com.br\/index.php?rest_route=\/wp\/v2\/pages\/10\/revisions\/23851"}],"wp:attachment":[{"href":"https:\/\/caspper.com.br\/index.php?rest_route=%2Fwp%2Fv2%2Fmedia&parent=10"}],"curies":[{"name":"wp","href":"https:\/\/api.w.org\/{rel}","templated":true}]}}